{"id":1191,"date":"2025-08-26T15:08:46","date_gmt":"2025-08-26T13:08:46","guid":{"rendered":"https:\/\/pierojardinero.com\/producto\/pflanzen-fuer-ein-bestimmtes-gebiet\/"},"modified":"2025-08-26T15:08:46","modified_gmt":"2025-08-26T13:08:46","slug":"pflanzen-fuer-ein-bestimmtes-gebiet","status":"publish","type":"product","link":"http:\/\/pierojardinero.com\/de\/producto\/pflanzen-fuer-ein-bestimmtes-gebiet\/","title":{"rendered":"Pflanzen f\u00fcr ein bestimmtes Gebiet"},"content":{"rendered":"<p>Um den Erfolg in der Pflanzenpflege zu garantieren, k\u00f6nnen wir nach dem Platz im Haus, B\u00fcro oder Restaurant, nach Bedarf, Pflanzenart und in welchen Topf sie gestellt werden sollte, entwerfen. F\u00fcr den Balkon, die Terrasse, innen oder drau\u00dfen im Haus, im Gartenbereich. <\/p>\n","protected":false},"excerpt":{"rendered":"<p>Wohin soll man gehen, welche Pflanze und wie man sie pflegt<\/p>\n<p><strong>Was ist enthalten?<\/strong><\/p>\n<ul>\n<li>1-st\u00fcndiges Gespr\u00e4ch<\/li>\n<li>Liste der zu kaufenden Pflanzen<\/li>\n<li>Design von M\u00f6beln\/T\u00f6pfen<\/li>\n<\/ul>\n<p>Wenn Sie Fragen haben <a href=\"https:\/\/wa.link\/0mshjv\" target=\"_blank\" rel=\"noopener\"><strong>, schreiben Sie mir bitte<\/strong><\/a><\/p>\n","protected":false},"featured_media":16,"comment_status":"open","ping_status":"closed","template":"","meta":[],"product_brand":[],"product_cat":[68],"product_tag":[70],"class_list":{"0":"post-1191","1":"product","2":"type-product","3":"status-publish","4":"has-post-thumbnail","6":"product_cat-pierojardinero-plane","7":"product_tag-virtuell","9":"first","10":"instock","11":"virtual","12":"purchasable","13":"product-type-simple"},"_links":{"self":[{"href":"http:\/\/pierojardinero.com\/de\/wp-json\/wp\/v2\/product\/1191","targetHints":{"allow":["GET"]}}],"collection":[{"href":"http:\/\/pierojardinero.com\/de\/wp-json\/wp\/v2\/product"}],"about":[{"href":"http:\/\/pierojardinero.com\/de\/wp-json\/wp\/v2\/types\/product"}],"replies":[{"embeddable":true,"href":"http:\/\/pierojardinero.com\/de\/wp-json\/wp\/v2\/comments?post=1191"}],"wp:featuredmedia":[{"embeddable":true,"href":"http:\/\/pierojardinero.com\/de\/wp-json\/wp\/v2\/media\/16"}],"wp:attachment":[{"href":"http:\/\/pierojardinero.com\/de\/wp-json\/wp\/v2\/media?parent=1191"}],"wp:term":[{"taxonomy":"product_brand","embeddable":true,"href":"http:\/\/pierojardinero.com\/de\/wp-json\/wp\/v2\/product_brand?post=1191"},{"taxonomy":"product_cat","embeddable":true,"href":"http:\/\/pierojardinero.com\/de\/wp-json\/wp\/v2\/product_cat?post=1191"},{"taxonomy":"product_tag","embeddable":true,"href":"http:\/\/pierojardinero.com\/de\/wp-json\/wp\/v2\/product_tag?post=1191"}],"curies":[{"name":"wp","href":"https:\/\/api.w.org\/{rel}","templated":true}]}}