{"id":1195,"date":"2025-08-26T15:07:54","date_gmt":"2025-08-26T13:07:54","guid":{"rendered":"https:\/\/pierojardinero.com\/producto\/behandlung-einer-pflanze\/"},"modified":"2025-08-26T15:07:54","modified_gmt":"2025-08-26T13:07:54","slug":"behandlung-einer-pflanze","status":"publish","type":"product","link":"http:\/\/pierojardinero.com\/de\/producto\/behandlung-einer-pflanze\/","title":{"rendered":"Behandlung einer Pflanze"},"content":{"rendered":"<p><span style=\"font-weight: 400;\">Ich muss deine Pflanzen sehen, die Umwelt verstehen, damit ich vorschlagen kann, wie ich es f\u00fcr alle besser oder sicher einfacher machen kann.<\/span><\/p>\n<p><span style=\"font-weight: 400;\">In einem 15-min\u00fctigen Gespr\u00e4ch k\u00f6nnen Sie mir zeigen und im Detail erkl\u00e4ren, was wirklich Schwierigkeiten verursacht, Ihre Pflanzen besser zu pflegen, sodass ich Ihnen Ratschl\u00e4ge und L\u00f6sungen f\u00fcr Probleme geben kann. <\/span><\/p>\n<p>L\u00f6sung f\u00fcr die Pflanze Ihrer Wahl<\/p>\n","protected":false},"excerpt":{"rendered":"<p><span style=\"font-weight: 400;\">Was auch immer dir zu Hause Schwierigkeiten bereitet, ist eine Frage des gemeinsamen Analysierens.<\/p>\n<p><\/span><strong>Was ist enthalten?<\/strong><\/p>\n<ul>\n<li>15-min\u00fctiges Gespr\u00e4ch<\/li>\n<li>D\u00fcnger und Pflanzenbooster<\/li>\n<li>Anti-Sch\u00e4dlings-Kombination<\/li>\n<\/ul>\n<p>Wenn Sie Fragen haben <a href=\"https:\/\/wa.link\/0mshjv\" target=\"_blank\" rel=\"noopener\"><strong>, schreiben Sie mir bitte<\/strong><\/a><\/p>\n","protected":false},"featured_media":25,"comment_status":"open","ping_status":"closed","template":"","meta":[],"product_brand":[],"product_cat":[68],"product_tag":[70],"class_list":{"0":"post-1195","1":"product","2":"type-product","3":"status-publish","4":"has-post-thumbnail","6":"product_cat-pierojardinero-plane","7":"product_tag-virtuell","9":"first","10":"instock","11":"virtual","12":"purchasable","13":"product-type-simple"},"_links":{"self":[{"href":"http:\/\/pierojardinero.com\/de\/wp-json\/wp\/v2\/product\/1195","targetHints":{"allow":["GET"]}}],"collection":[{"href":"http:\/\/pierojardinero.com\/de\/wp-json\/wp\/v2\/product"}],"about":[{"href":"http:\/\/pierojardinero.com\/de\/wp-json\/wp\/v2\/types\/product"}],"replies":[{"embeddable":true,"href":"http:\/\/pierojardinero.com\/de\/wp-json\/wp\/v2\/comments?post=1195"}],"wp:featuredmedia":[{"embeddable":true,"href":"http:\/\/pierojardinero.com\/de\/wp-json\/wp\/v2\/media\/25"}],"wp:attachment":[{"href":"http:\/\/pierojardinero.com\/de\/wp-json\/wp\/v2\/media?parent=1195"}],"wp:term":[{"taxonomy":"product_brand","embeddable":true,"href":"http:\/\/pierojardinero.com\/de\/wp-json\/wp\/v2\/product_brand?post=1195"},{"taxonomy":"product_cat","embeddable":true,"href":"http:\/\/pierojardinero.com\/de\/wp-json\/wp\/v2\/product_cat?post=1195"},{"taxonomy":"product_tag","embeddable":true,"href":"http:\/\/pierojardinero.com\/de\/wp-json\/wp\/v2\/product_tag?post=1195"}],"curies":[{"name":"wp","href":"https:\/\/api.w.org\/{rel}","templated":true}]}}