{"id":1196,"date":"2025-05-08T19:55:56","date_gmt":"2025-05-08T17:55:56","guid":{"rendered":"https:\/\/pierojardinero.com\/producto\/pflanzenkauf\/"},"modified":"2025-05-08T19:55:56","modified_gmt":"2025-05-08T17:55:56","slug":"pflanzenkauf","status":"publish","type":"product","link":"http:\/\/pierojardinero.com\/de\/producto\/pflanzenkauf\/","title":{"rendered":"Pflanzenkauf"},"content":{"rendered":"<p><span data-sheets-root=\"1\">Wenn Sie keine Gelegenheit zum Einkaufen haben und Pflanzen als Geschenke, f\u00fcr Ihre R\u00e4ume oder f\u00fcr Ihr eigenes Zuhause brauchen, k\u00f6nnen wir die Pflanzen holen und dorthin liefern, wo Sie sie brauchen, ohne dass Sie sich selbst Sorgen machen m\u00fcssen<\/span><\/p>\n","protected":false},"excerpt":{"rendered":"<p>Hast du keine Zeit, selbst einkaufen zu gehen? | Wenn Sie Fragen haben <a href=\"https:\/\/wa.link\/0mshjv\" target=\"_blank\" rel=\"noopener\"><strong>, schreiben Sie mir bitte<\/strong><\/a> <\/p>\n<p><strong>*Anfangspreis<\/strong><\/p>\n","protected":false},"featured_media":148,"comment_status":"open","ping_status":"closed","template":"","meta":[],"product_brand":[],"product_cat":[75],"product_tag":[76],"class_list":{"0":"post-1196","1":"product","2":"type-product","3":"status-publish","4":"has-post-thumbnail","6":"product_cat-raumdesign","7":"product_tag-gesicht","9":"first","10":"instock","11":"virtual","12":"purchasable","13":"product-type-simple"},"_links":{"self":[{"href":"http:\/\/pierojardinero.com\/de\/wp-json\/wp\/v2\/product\/1196","targetHints":{"allow":["GET"]}}],"collection":[{"href":"http:\/\/pierojardinero.com\/de\/wp-json\/wp\/v2\/product"}],"about":[{"href":"http:\/\/pierojardinero.com\/de\/wp-json\/wp\/v2\/types\/product"}],"replies":[{"embeddable":true,"href":"http:\/\/pierojardinero.com\/de\/wp-json\/wp\/v2\/comments?post=1196"}],"wp:featuredmedia":[{"embeddable":true,"href":"http:\/\/pierojardinero.com\/de\/wp-json\/wp\/v2\/media\/148"}],"wp:attachment":[{"href":"http:\/\/pierojardinero.com\/de\/wp-json\/wp\/v2\/media?parent=1196"}],"wp:term":[{"taxonomy":"product_brand","embeddable":true,"href":"http:\/\/pierojardinero.com\/de\/wp-json\/wp\/v2\/product_brand?post=1196"},{"taxonomy":"product_cat","embeddable":true,"href":"http:\/\/pierojardinero.com\/de\/wp-json\/wp\/v2\/product_cat?post=1196"},{"taxonomy":"product_tag","embeddable":true,"href":"http:\/\/pierojardinero.com\/de\/wp-json\/wp\/v2\/product_tag?post=1196"}],"curies":[{"name":"wp","href":"https:\/\/api.w.org\/{rel}","templated":true}]}}