{"id":1199,"date":"2025-05-08T19:57:37","date_gmt":"2025-05-08T17:57:37","guid":{"rendered":"https:\/\/pierojardinero.com\/producto\/gruenes-design\/"},"modified":"2025-05-08T19:57:37","modified_gmt":"2025-05-08T17:57:37","slug":"gruenes-design","status":"publish","type":"product","link":"http:\/\/pierojardinero.com\/de\/producto\/gruenes-design\/","title":{"rendered":"Gr\u00fcnes Design"},"content":{"rendered":"<p><span data-sheets-root=\"1\">Wir entwerfen personalisierte L\u00f6sungen f\u00fcr die Pflege Ihrer Pflanzen, angepasst an Ihren Raum: Zuhause, B\u00fcro oder Restaurant. Wir bewerten die Pflanzenart, ihren idealen Standort und die richtige Pflanze, sei es f\u00fcr den Balkon, die Terrasse, im Innenraum oder den Garten. Wir k\u00fcmmern uns um die Montage, um sicherzustellen, dass jede Pflanze die Umgebung, Unterst\u00fctzung und Beleuchtung erh\u00e4lt, die sie zum Wachsen braucht.  <\/span><\/p>\n","protected":false},"excerpt":{"rendered":"<p><span data-sheets-root=\"1\">Standort und M\u00f6bel f\u00fcr die Pflanzen.<\/span> | Wenn du Fragen hast, <a href=\"https:\/\/wa.link\/0mshjv\" target=\"_blank\" rel=\"noopener\"><strong>schreib mir<\/strong><\/a><\/p>\n<p><strong>*Anfangspreis<\/strong><\/p>\n","protected":false},"featured_media":57,"comment_status":"open","ping_status":"closed","template":"","meta":[],"product_brand":[],"product_cat":[75],"product_tag":[76],"class_list":{"0":"post-1199","1":"product","2":"type-product","3":"status-publish","4":"has-post-thumbnail","6":"product_cat-raumdesign","7":"product_tag-gesicht","9":"first","10":"instock","11":"virtual","12":"purchasable","13":"product-type-simple"},"_links":{"self":[{"href":"http:\/\/pierojardinero.com\/de\/wp-json\/wp\/v2\/product\/1199","targetHints":{"allow":["GET"]}}],"collection":[{"href":"http:\/\/pierojardinero.com\/de\/wp-json\/wp\/v2\/product"}],"about":[{"href":"http:\/\/pierojardinero.com\/de\/wp-json\/wp\/v2\/types\/product"}],"replies":[{"embeddable":true,"href":"http:\/\/pierojardinero.com\/de\/wp-json\/wp\/v2\/comments?post=1199"}],"wp:featuredmedia":[{"embeddable":true,"href":"http:\/\/pierojardinero.com\/de\/wp-json\/wp\/v2\/media\/57"}],"wp:attachment":[{"href":"http:\/\/pierojardinero.com\/de\/wp-json\/wp\/v2\/media?parent=1199"}],"wp:term":[{"taxonomy":"product_brand","embeddable":true,"href":"http:\/\/pierojardinero.com\/de\/wp-json\/wp\/v2\/product_brand?post=1199"},{"taxonomy":"product_cat","embeddable":true,"href":"http:\/\/pierojardinero.com\/de\/wp-json\/wp\/v2\/product_cat?post=1199"},{"taxonomy":"product_tag","embeddable":true,"href":"http:\/\/pierojardinero.com\/de\/wp-json\/wp\/v2\/product_tag?post=1199"}],"curies":[{"name":"wp","href":"https:\/\/api.w.org\/{rel}","templated":true}]}}