{"id":1200,"date":"2025-05-08T19:55:18","date_gmt":"2025-05-08T17:55:18","guid":{"rendered":"https:\/\/pierojardinero.com\/producto\/aussaat-und-lernen\/"},"modified":"2025-05-08T19:55:18","modified_gmt":"2025-05-08T17:55:18","slug":"aussaat-und-lernen","status":"publish","type":"product","link":"http:\/\/pierojardinero.com\/de\/producto\/aussaat-und-lernen\/","title":{"rendered":"Aussaat und Lernen"},"content":{"rendered":"<p>Teilen ist ein wesentlicher Teil des Gl\u00fccks. In diesem Fall: Die Natur zu Hause teilen. Unser Workshop zur Sukkulenten-Feier f\u00fcr Gruppen bietet die M\u00f6glichkeit, w\u00e4hrend Ihrer Feier\/Veranstaltung ein gr\u00fcnes Erlebnis zu erleben. Pflanzen wachsen immer weiter und sind dankbar   <\/p>\n","protected":false},"excerpt":{"rendered":"<p>Aus einem Geburtstagsgrund oder aus einem anderen Grund | Wenn Sie Fragen haben, schreiben Sie <a href=\"https:\/\/wa.link\/0mshjv\" target=\"_blank\" rel=\"noopener\"><strong>mir<\/strong><\/a><\/p>\n<p><strong>. * Schreiben Sie uns f\u00fcr weitere Informationen<\/strong><\/p>\n","protected":false},"featured_media":33,"comment_status":"open","ping_status":"closed","template":"","meta":[],"product_brand":[],"product_cat":[78],"product_tag":[76],"class_list":{"0":"post-1200","1":"product","2":"type-product","3":"status-publish","4":"has-post-thumbnail","6":"product_cat-feierlichkeiten-und-geschenke","7":"product_tag-gesicht","9":"first","10":"instock","11":"virtual","12":"purchasable","13":"product-type-simple"},"_links":{"self":[{"href":"http:\/\/pierojardinero.com\/de\/wp-json\/wp\/v2\/product\/1200","targetHints":{"allow":["GET"]}}],"collection":[{"href":"http:\/\/pierojardinero.com\/de\/wp-json\/wp\/v2\/product"}],"about":[{"href":"http:\/\/pierojardinero.com\/de\/wp-json\/wp\/v2\/types\/product"}],"replies":[{"embeddable":true,"href":"http:\/\/pierojardinero.com\/de\/wp-json\/wp\/v2\/comments?post=1200"}],"wp:featuredmedia":[{"embeddable":true,"href":"http:\/\/pierojardinero.com\/de\/wp-json\/wp\/v2\/media\/33"}],"wp:attachment":[{"href":"http:\/\/pierojardinero.com\/de\/wp-json\/wp\/v2\/media?parent=1200"}],"wp:term":[{"taxonomy":"product_brand","embeddable":true,"href":"http:\/\/pierojardinero.com\/de\/wp-json\/wp\/v2\/product_brand?post=1200"},{"taxonomy":"product_cat","embeddable":true,"href":"http:\/\/pierojardinero.com\/de\/wp-json\/wp\/v2\/product_cat?post=1200"},{"taxonomy":"product_tag","embeddable":true,"href":"http:\/\/pierojardinero.com\/de\/wp-json\/wp\/v2\/product_tag?post=1200"}],"curies":[{"name":"wp","href":"https:\/\/api.w.org\/{rel}","templated":true}]}}