{"id":1209,"date":"2025-05-08T19:39:59","date_gmt":"2025-05-08T17:39:59","guid":{"rendered":"https:\/\/pierojardinero.com\/producto\/die-richtige-pflege\/"},"modified":"2025-05-08T19:39:59","modified_gmt":"2025-05-08T17:39:59","slug":"die-richtige-pflege","status":"publish","type":"product","link":"http:\/\/pierojardinero.com\/de\/producto\/die-richtige-pflege\/","title":{"rendered":"Die richtige Pflege"},"content":{"rendered":"<p>Oft haben Sie die richtige Pflanze, aber Sie haben ihre Bed\u00fcrfnisse f\u00fcr ihr Wohlbefinden nicht identifiziert, und das verursacht Kopfschmerzen und Unbehagen f\u00fcr die Pflanze. Daf\u00fcr haben wir die methodische L\u00f6sung, die Ihnen die notwendigen Werkzeuge an die Hand gibt, um Klarheit dar\u00fcber zu gewinnen, wie Sie diesen Schwierigkeiten begegnen k\u00f6nnen. <\/p>\n","protected":false},"excerpt":{"rendered":"<p>Wie stellen Sie sicher, dass Ihre Pflanzen bestm\u00f6glich wachsen und sich unter Ihrer Obhut entwickeln k\u00f6nnen?<\/p>\n<p>Wenn Sie Fragen haben <a href=\"https:\/\/wa.link\/0mshjv\" target=\"_blank\" rel=\"noopener\"><strong>, schreiben Sie mir<\/strong><\/a><\/p>\n<p><strong>*Erster Anruf<\/strong><\/p>\n","protected":false},"featured_media":48,"comment_status":"open","ping_status":"closed","template":"","meta":[],"product_brand":[],"product_cat":[79],"product_tag":[70],"class_list":{"0":"post-1209","1":"product","2":"type-product","3":"status-publish","4":"has-post-thumbnail","6":"product_cat-beratung-und-betreuung","7":"product_tag-virtuell","9":"first","10":"instock","11":"shipping-taxable","12":"purchasable","13":"product-type-simple"},"_links":{"self":[{"href":"http:\/\/pierojardinero.com\/de\/wp-json\/wp\/v2\/product\/1209","targetHints":{"allow":["GET"]}}],"collection":[{"href":"http:\/\/pierojardinero.com\/de\/wp-json\/wp\/v2\/product"}],"about":[{"href":"http:\/\/pierojardinero.com\/de\/wp-json\/wp\/v2\/types\/product"}],"replies":[{"embeddable":true,"href":"http:\/\/pierojardinero.com\/de\/wp-json\/wp\/v2\/comments?post=1209"}],"wp:featuredmedia":[{"embeddable":true,"href":"http:\/\/pierojardinero.com\/de\/wp-json\/wp\/v2\/media\/48"}],"wp:attachment":[{"href":"http:\/\/pierojardinero.com\/de\/wp-json\/wp\/v2\/media?parent=1209"}],"wp:term":[{"taxonomy":"product_brand","embeddable":true,"href":"http:\/\/pierojardinero.com\/de\/wp-json\/wp\/v2\/product_brand?post=1209"},{"taxonomy":"product_cat","embeddable":true,"href":"http:\/\/pierojardinero.com\/de\/wp-json\/wp\/v2\/product_cat?post=1209"},{"taxonomy":"product_tag","embeddable":true,"href":"http:\/\/pierojardinero.com\/de\/wp-json\/wp\/v2\/product_tag?post=1209"}],"curies":[{"name":"wp","href":"https:\/\/api.w.org\/{rel}","templated":true}]}}