{"id":1290,"date":"2025-08-26T15:09:44","date_gmt":"2025-08-26T13:09:44","guid":{"rendered":"https:\/\/pierojardinero.com\/producto\/garten-oder-inneneinrichtung\/"},"modified":"2025-08-26T15:09:44","modified_gmt":"2025-08-26T13:09:44","slug":"garten-oder-inneneinrichtung","status":"publish","type":"product","link":"http:\/\/pierojardinero.com\/de\/producto\/garten-oder-inneneinrichtung\/","title":{"rendered":"Garten- oder Inneneinrichtung"},"content":{"rendered":"<p>Wenn meine Kunden wollen, dass ich alles entwerfe, mache ich genau das; jedem Raum Leben und Gr\u00fcn zu verleihen. Von der Pflanze, dem Ort, dem Topf, dem D\u00fcnger und der H\u00e4ufigkeit der Pflege bis hin zum Bringen der Pflanzen an ihren perfekten Platz in Ihrem Zuhause organisiere ich so, dass wir Ihre Pflanzen nur mit minimalem Aufwand betrachten und genie\u00dfen m\u00fcssen. <\/p>\n<p>Besuch des Experten in Ihrem Raum<\/p>\n","protected":false},"excerpt":{"rendered":"<p><span style=\"font-weight: 400;\">Wenn du wenig Zeit hast, um deine Pflanzen zu organisieren, zu gie\u00dfen und zu pflegen, kann ich dir alles machen, was du brauchst.  <\/span><\/p>\n<p><strong>Was ist enthalten?<\/strong><\/p>\n<ul>\n<li>Mindestens 1 Besuch*<\/li>\n<li>Gartengestaltung<\/li>\n<li>D\u00fcnger und D\u00fcngemittel<\/li>\n<\/ul>\n<p>Wenn Sie Fragen haben <a href=\"https:\/\/wa.link\/0mshjv\" target=\"_blank\" rel=\"noopener\"><strong>, schreiben Sie mir bitte<\/strong><\/a><\/p>\n","protected":false},"featured_media":379,"comment_status":"open","ping_status":"closed","template":"","meta":[],"product_brand":[],"product_cat":[68],"product_tag":[76],"class_list":{"0":"post-1290","1":"product","2":"type-product","3":"status-publish","4":"has-post-thumbnail","6":"product_cat-pierojardinero-plane","7":"product_tag-gesicht","9":"first","10":"instock","11":"virtual","12":"purchasable","13":"product-type-simple"},"_links":{"self":[{"href":"http:\/\/pierojardinero.com\/de\/wp-json\/wp\/v2\/product\/1290","targetHints":{"allow":["GET"]}}],"collection":[{"href":"http:\/\/pierojardinero.com\/de\/wp-json\/wp\/v2\/product"}],"about":[{"href":"http:\/\/pierojardinero.com\/de\/wp-json\/wp\/v2\/types\/product"}],"replies":[{"embeddable":true,"href":"http:\/\/pierojardinero.com\/de\/wp-json\/wp\/v2\/comments?post=1290"}],"wp:featuredmedia":[{"embeddable":true,"href":"http:\/\/pierojardinero.com\/de\/wp-json\/wp\/v2\/media\/379"}],"wp:attachment":[{"href":"http:\/\/pierojardinero.com\/de\/wp-json\/wp\/v2\/media?parent=1290"}],"wp:term":[{"taxonomy":"product_brand","embeddable":true,"href":"http:\/\/pierojardinero.com\/de\/wp-json\/wp\/v2\/product_brand?post=1290"},{"taxonomy":"product_cat","embeddable":true,"href":"http:\/\/pierojardinero.com\/de\/wp-json\/wp\/v2\/product_cat?post=1290"},{"taxonomy":"product_tag","embeddable":true,"href":"http:\/\/pierojardinero.com\/de\/wp-json\/wp\/v2\/product_tag?post=1290"}],"curies":[{"name":"wp","href":"https:\/\/api.w.org\/{rel}","templated":true}]}}