{"id":1299,"date":"2025-05-08T19:56:55","date_gmt":"2025-05-08T17:56:55","guid":{"rendered":"https:\/\/pierojardinero.com\/producto\/pflanzendoktor\/"},"modified":"2025-05-08T19:56:55","modified_gmt":"2025-05-08T17:56:55","slug":"pflanzendoktor","status":"publish","type":"product","link":"http:\/\/pierojardinero.com\/de\/producto\/pflanzendoktor\/","title":{"rendered":"Pflanzendoktor"},"content":{"rendered":"<p>Wenn die Pflanzen in Ihrem B\u00fcro oder Haus Schwierigkeiten haben, k\u00f6nnen wir Ihnen helfen und nachverfolgen, was mit Ihren Pflanzen passiert, um dieses Problem zu l\u00f6sen<\/p>\n","protected":false},"excerpt":{"rendered":"<p><span data-sheets-root=\"1\">Schwierigkeiten mit Ihren Pflanzen?<\/span> | Wenn du Fragen hast, <a href=\"https:\/\/wa.link\/0mshjv\" target=\"_blank\" rel=\"noopener\"><strong>schreib mir<\/strong><\/a><\/p>\n<p><strong>*Anfangspreis<\/strong><\/p>\n","protected":false},"featured_media":152,"comment_status":"open","ping_status":"closed","template":"","meta":[],"product_brand":[],"product_cat":[79],"product_tag":[70],"class_list":{"0":"post-1299","1":"product","2":"type-product","3":"status-publish","4":"has-post-thumbnail","6":"product_cat-beratung-und-betreuung","7":"product_tag-virtuell","9":"first","10":"instock","11":"virtual","12":"purchasable","13":"product-type-simple"},"_links":{"self":[{"href":"http:\/\/pierojardinero.com\/de\/wp-json\/wp\/v2\/product\/1299","targetHints":{"allow":["GET"]}}],"collection":[{"href":"http:\/\/pierojardinero.com\/de\/wp-json\/wp\/v2\/product"}],"about":[{"href":"http:\/\/pierojardinero.com\/de\/wp-json\/wp\/v2\/types\/product"}],"replies":[{"embeddable":true,"href":"http:\/\/pierojardinero.com\/de\/wp-json\/wp\/v2\/comments?post=1299"}],"wp:featuredmedia":[{"embeddable":true,"href":"http:\/\/pierojardinero.com\/de\/wp-json\/wp\/v2\/media\/152"}],"wp:attachment":[{"href":"http:\/\/pierojardinero.com\/de\/wp-json\/wp\/v2\/media?parent=1299"}],"wp:term":[{"taxonomy":"product_brand","embeddable":true,"href":"http:\/\/pierojardinero.com\/de\/wp-json\/wp\/v2\/product_brand?post=1299"},{"taxonomy":"product_cat","embeddable":true,"href":"http:\/\/pierojardinero.com\/de\/wp-json\/wp\/v2\/product_cat?post=1299"},{"taxonomy":"product_tag","embeddable":true,"href":"http:\/\/pierojardinero.com\/de\/wp-json\/wp\/v2\/product_tag?post=1299"}],"curies":[{"name":"wp","href":"https:\/\/api.w.org\/{rel}","templated":true}]}}