{"id":1152,"date":"2025-07-16T01:15:53","date_gmt":"2025-07-15T23:15:53","guid":{"rendered":"https:\/\/pierojardinero.com\/rechtliches\/nutzung-des-online-shops\/"},"modified":"2025-11-25T19:01:21","modified_gmt":"2025-11-25T18:01:21","slug":"nutzung-des-online-shops","status":"publish","type":"page","link":"https:\/\/pierojardinero.com\/de\/rechtliches\/nutzung-des-online-shops\/","title":{"rendered":"Nutzung des Online-Shops"},"content":{"rendered":"\t\t<div data-elementor-type=\"wp-page\" data-elementor-id=\"1152\" class=\"elementor elementor-1152 elementor-593\" data-elementor-post-type=\"page\">\n\t\t\t\t<div class=\"elementor-element elementor-element-6e83974 e-con-full e-flex e-con e-parent\" data-id=\"6e83974\" data-element_type=\"container\">\n\t\t<div class=\"elementor-element elementor-element-199351c e-flex e-con-boxed e-con e-child\" data-id=\"199351c\" data-element_type=\"container\">\n\t\t\t\t\t<div class=\"e-con-inner\">\n\t\t\t\t<div class=\"elementor-element elementor-element-b240777 elementor-widget elementor-widget-text-editor\" data-id=\"b240777\" data-element_type=\"widget\" data-widget_type=\"text-editor.default\">\n\t\t\t\t<div class=\"elementor-widget-container\">\n\t\t\t\t\t\t\t\t\t<div class=\"wpb_text_column wpb_content_element \"><div class=\"wpb_wrapper\"><div class=\"wpb_text_column wpb_content_element \"><div class=\"wpb_wrapper\"><div class=\"wpb_text_column wpb_content_element \"><div class=\"wpb_wrapper\"><h2 style=\"text-align: center;\">NUTZUNGSBEDINGUNGEN DES VIRTUELLEN STORES<br>WWW.PIEROJARDINERO.COM<\/h2><\/div><\/div><div class=\"vc_empty_space\"> <\/div><div class=\"wpb_text_column wpb_content_element \"><div class=\"wpb_wrapper\"><p>Diese hier beschriebenen Gesch\u00e4fts- und Konditionsbedingungen enthalten die rechtlichen und technischen Informationen, die wir empfehlen, zu Ihrem Wissen und Ihrer Zustimmung zu lesen. Daher empfehlen wir Ihnen, nach dem Lesen nicht zuzustimmen, darauf zu verzichten, THE VIRTUAL STORE (im Folgenden DIE PLATTFORM) zu nutzen. Wenn Sie sich anderweitig entscheiden, DIE PLATTFORM zu nutzen, wird verstanden, dass Sie die Nutzungs- und Nutzungsbedingungen von ihr, deren Inhalten und den darin angebotenen Produkten akzeptieren. Es sollte beachtet werden, dass diese Nutzungsbedingungen vollst\u00e4ndig mit den Datenschutzrichtlinien sowie den Nutzungsbedingungen des <a href=\"https:\/\/www.pierojardinero.com\/\">Portals<\/a> verkn\u00fcpft sind und sich auf sie beziehen www.pierojardinero.com<\/p><h4>1. <strong>Definitionen und Konzepte<\/strong><\/h4><p>F\u00fcr Ihr besseres Verst\u00e4ndnis haben wir einige Konzepte definiert, die Ihnen helfen werden, DIE PLATTFORM besser zu nutzen, um sie bestm\u00f6glich zu nutzen.<\/p><p>a) Nutzer: bezeichnet jede nat\u00fcrliche oder juristische Person oder Vertreter in jeglicher Form davon, die die PLATTFORM nutzt oder dort registriert ist und sie nutzt.<br>b) Datenschutzrichtlinien: bedeutet die Regeln und Richtlinien, nach denen die Registrierung der personenbezogenen Daten, die Sie als Nutzer uns auf DER PLATTFORM bereitstellen, geregelt werden.<br>c) Technologische Ausr\u00fcstung: bedeutet Mobiltelefone und Smartphones, Tablets, Computer und jedes andere elektronische Ger\u00e4t, \u00fcber das DIE PLATTFORM zug\u00e4nglich ist.<br>d) Auftrag: bezeichnet die spezielle Bestellung eines Nutzers f\u00fcr den Kauf bestimmter Produkte innerhalb der PLATTFORM.<br>e) Registrierung: bedeutet die Erstellung eines Profils, das den Nutzer identifiziert, um auf die innerhalb der PLATTFORM angebotenen Produkte zugreifen zu k\u00f6nnen.<\/p><h4><strong>2. Akzeptanz der Nutzungsbedingungen der Plattform<\/strong><\/h4><p>Der Nutzer erkl\u00e4rt, dass er durch das Erstellen eines Profils und\/oder die Registrierung auf DER PLATTFORM dessen Bedingungen und Nutzungsbedingungen, einschlie\u00dflich der zu diesem Zweck festgelegten Datenschutzrichtlinien, akzeptiert.<br>Ungeachtet des Vorstehenden k\u00f6nnen einige auf der PLATTFORM angebotene Produkte zus\u00e4tzlichen Bedingungen unterliegen, wie Aktionen, Angebote usw. In diesem Fall unterliegt die Nutzung solcher Dienste durch den Nutzer auch den oben genannten zus\u00e4tzlichen Bedingungen, die zum Zeitpunkt der Ver\u00f6ffentlichung festgelegt wurden.  Die solltest du lesen, um Verst\u00e4ndnis und Akzeptanz zu erhalten.<\/p><h4>3. <strong>Wie kauft man auf der Plattform?<\/strong><\/h4><p>Der Nutzer, der eines der auf der PLATTFORM angebotenen Produkte kaufen m\u00f6chte, muss sich dort registrieren, indem er ein Profil erstellt, das ihm den Zugriff auf die Inhalte und die Aufgeben von Bestellungen erm\u00f6glicht.<\/p><p>Jede Bestellung hat ihre Merkmale, die sich auf die Zahlungsart, die Lieferzeit und die Eigenschaften des Produkts und\/oder der Dienstleistung beziehen, die Sie kaufen m\u00f6chten.<\/p><p>Wenn Sie eines der auf der PLATTFORM angebotenen Produkte kaufen m\u00f6chten, beachten Sie bitte Folgendes:<\/p><p>1. Die Pflanzen k\u00f6nnten sehr jung sein, was bedeutet, dass sie m\u00f6glicherweise nicht bl\u00fchen und ihr Aussehen aufgrund ihres Alters nicht wie erwartet ist; daf\u00fcr werden Sie \u00fcber den Zustand informiert, in dem sich die Pflanze zum Zeitpunkt des Kaufs befindet. Wenn ich mich nach der Information des Staates entscheide, den Kauf fortzusetzen, ist es von dann an eine stillschweigende Zustimmung des Staates, es gibt keine R\u00fcckerstattung des Geldes.<br>2. Das Verst\u00e4ndnis des Wachstums und der Pflege der Pflanzen h\u00e4ngt zu 100 % davon ab, wer f\u00fcr sie verantwortlich ist; es liegt nicht in der Verantwortung des Verk\u00e4ufers f\u00fcr \u00c4nderungen der Pflanze, die durch Pflege durchgef\u00fchrt wird, die nicht dem gekauften Pflanzentyp entspricht; folglich liegt es nach der Lieferung nicht in der Verantwortung des Verk\u00e4ufers, was nach dem Erwerb geschieht, es sei denn, es handelt sich um Ursachen, die vor dem Erwerb zur\u00fcckzuf\u00fchren sind.<\/p><h4>4. <strong>Geltendes Recht und Trennbarkeit<\/strong><\/h4><p>Diese Gesch\u00e4ftsbedingungen sowie die Datenschutzrichtlinie unterliegen den Gesetzen der Republik Kolumbien. Wenn eine Bestimmung dieser Gesch\u00e4ftsbedingungen als rechtswidrig, nichtig oder aus irgendeinem Grund nicht durchsetzbar wird, ist sie im Sinne dieser Gesch\u00e4ftsbedingungen auszulegen und beeintr\u00e4chtigt in keinem Fall die G\u00fcltigkeit und Durchsetzbarkeit verbleibender Bestimmungen.<\/p><h4>5. <strong>Modifikationen<\/strong><\/h4><p><strong>PIERO JARDINERO<\/strong> kann nach eigenem und absolutem Ermessen die Gesch\u00e4ftsbedingungen ohne vorherige Ank\u00fcndigung \u00e4ndern. Solche \u00c4nderungen gelten jedoch nur ab dem Moment, in dem sie auf der PLATTFORM ver\u00f6ffentlicht werden, und gelten f\u00fcr Transaktionen, die nach ihrem Inkrafttreten abgeschlossen werden, ohne zuvor abgeschlossene Transaktionen zu \u00e4ndern.<\/p><\/div><\/div><\/div><\/div><\/div><\/div>\t\t\t\t\t\t\t\t<\/div>\n\t\t\t\t<\/div>\n\t\t\t\t\t<\/div>\n\t\t\t\t<\/div>\n\t\t\t\t<\/div>\n\t\t\t\t<\/div>\n\t\t","protected":false},"excerpt":{"rendered":"<p>NUTZUNGSBEDINGUNGEN DES VIRTUELLEN STORESWWW.PIEROJARDINERO.COM Diese hier beschriebenen Gesch\u00e4fts- und Konditionsbedingungen enthalten die rechtlichen und technischen Informationen, die wir empfehlen, zu Ihrem Wissen und Ihrer Zustimmung zu lesen. Daher empfehlen wir Ihnen, nach dem Lesen nicht zuzustimmen, darauf zu verzichten, THE VIRTUAL STORE (im Folgenden DIE PLATTFORM) zu nutzen. Wenn Sie sich anderweitig entscheiden, DIE PLATTFORM [&hellip;]<\/p>\n","protected":false},"author":1,"featured_media":0,"parent":1128,"menu_order":0,"comment_status":"closed","ping_status":"closed","template":"","meta":{"footnotes":""},"class_list":["post-1152","page","type-page","status-publish","hentry"],"_links":{"self":[{"href":"https:\/\/pierojardinero.com\/de\/wp-json\/wp\/v2\/pages\/1152","targetHints":{"allow":["GET"]}}],"collection":[{"href":"https:\/\/pierojardinero.com\/de\/wp-json\/wp\/v2\/pages"}],"about":[{"href":"https:\/\/pierojardinero.com\/de\/wp-json\/wp\/v2\/types\/page"}],"author":[{"embeddable":true,"href":"https:\/\/pierojardinero.com\/de\/wp-json\/wp\/v2\/users\/1"}],"replies":[{"embeddable":true,"href":"https:\/\/pierojardinero.com\/de\/wp-json\/wp\/v2\/comments?post=1152"}],"version-history":[{"count":1,"href":"https:\/\/pierojardinero.com\/de\/wp-json\/wp\/v2\/pages\/1152\/revisions"}],"predecessor-version":[{"id":1155,"href":"https:\/\/pierojardinero.com\/de\/wp-json\/wp\/v2\/pages\/1152\/revisions\/1155"}],"up":[{"embeddable":true,"href":"https:\/\/pierojardinero.com\/de\/wp-json\/wp\/v2\/pages\/1128"}],"wp:attachment":[{"href":"https:\/\/pierojardinero.com\/de\/wp-json\/wp\/v2\/media?parent=1152"}],"curies":[{"name":"wp","href":"https:\/\/api.w.org\/{rel}","templated":true}]}}