{"id":1173,"date":"2025-07-16T01:00:38","date_gmt":"2025-07-15T23:00:38","guid":{"rendered":"https:\/\/pierojardinero.com\/rechtliches\/allgemeine-geschaeftsbedingungen\/"},"modified":"2025-11-25T19:01:39","modified_gmt":"2025-11-25T18:01:39","slug":"allgemeine-geschaeftsbedingungen","status":"publish","type":"page","link":"https:\/\/pierojardinero.com\/de\/rechtliches\/allgemeine-geschaeftsbedingungen\/","title":{"rendered":"Allgemeine Gesch\u00e4ftsbedingungen"},"content":{"rendered":"\t\t<div data-elementor-type=\"wp-page\" data-elementor-id=\"1173\" class=\"elementor elementor-1173 elementor-581\" data-elementor-post-type=\"page\">\n\t\t\t\t<div class=\"elementor-element elementor-element-6e83974 e-con-full e-flex e-con e-parent\" data-id=\"6e83974\" data-element_type=\"container\">\n\t\t<div class=\"elementor-element elementor-element-199351c e-flex e-con-boxed e-con e-child\" data-id=\"199351c\" data-element_type=\"container\">\n\t\t\t\t\t<div class=\"e-con-inner\">\n\t\t\t\t<div class=\"elementor-element elementor-element-b240777 elementor-widget elementor-widget-text-editor\" data-id=\"b240777\" data-element_type=\"widget\" data-widget_type=\"text-editor.default\">\n\t\t\t\t<div class=\"elementor-widget-container\">\n\t\t\t\t\t\t\t\t\t<div class=\"wpb_text_column wpb_content_element \"><div class=\"wpb_wrapper\"><h1 style=\"text-align: center;\">Nutzungsbedingungen des www.pierojardinero.com Portals<\/h1><\/div><\/div><div class=\"vc_empty_space\"> <\/div><div class=\"wpb_text_column wpb_content_element \"><div class=\"wpb_wrapper\"><p>Das <a href=\"https:\/\/www.pierojardinero.com\/\">www.pierojardinero.com<\/a> Portal (im Folgenden Portal genannt) geh\u00f6rt PIERO EUGSTER (im Folgenden PIERO GARDENER). Der Zugang, die Teilnahme und Nutzung des Portals sind kostenlos und unterliegen den folgenden Bedingungen, die von den Nutzern des Portals (im Folgenden der Nutzer) f\u00fcr die Nutzung und Konsultation des Portals bekannt und akzeptiert werden. <\/p><h4><strong>1. Informationen im Portal enthalten<\/strong><\/h4><h4>1.1 Eigentum am Inhalt des Portals \u2013 Urheberrecht<\/h4><p>Eine vollst\u00e4ndige oder teilweise Vervielf\u00e4ltigung, \u00dcbersetzung, Inklusion, \u00dcbertragung, Speicherung oder Zugriff \u00fcber analoge oder digitale Medien oder andere Systeme oder Technologien, die ohne vorherige schriftliche Genehmigung von PIERO JARDINERO erstellt oder erstellt werden, sind verboten. Es ist jedoch m\u00f6glich <a href=\"\/\">, Material von www.pierojardinero.com<\/a> f\u00fcr den pers\u00f6nlichen und nicht-kommerziellen Gebrauch herunterzuladen, sofern das Eigentum ausdr\u00fccklich in PIERO JARDINERO erw\u00e4hnt wird. <\/p><h4>1.2 Datenschutz<\/h4><p><strong>PIERO JARDINERO<\/strong> ist daran interessiert, die Privatsph\u00e4re der \u00fcber das Portal erhaltenen pers\u00f6nlichen Informationen des Nutzers zu sch\u00fctzen und verpflichtet sich, gem\u00e4\u00df kolumbianischer Gesetzgebung eine Datenschutzrichtlinie zu \u00fcbernehmen, die alle personenbezogenen Daten sch\u00fctzt, die der Nutzer dem Portal zur Verf\u00fcgung gestellt hat.<\/p><p>Personenbezogene Informationen werden als vom Nutzer zur Registrierung bereitgestellte Informationen verstanden, darunter Daten wie: Name, Abteilung, Stadt, Telefon, Handy, E-Mail, Adresse, Skype, Website, Blog, Twitter und weitere Informationen.<\/p><p>Der Nutzer erkennt an, dass die Eingabe personenbezogener Daten freiwillig erfolgt und die Eigenschaften des Portals sowie die Nutzungsm\u00f6glichkeiten von <strong>PIERO JARDINERO<\/strong> ber\u00fccksichtigt und im Verst\u00e4ndnis, dass diese Informationen Teil einer Datei und\/oder Datenbank sind, die sein Profil enth\u00e4lt, das <strong>von PIERO JARDINERO<\/strong> unter den hier festgelegten Bedingungen verwendet werden kann. Der Nutzer kann die bereitgestellten Informationen jederzeit \u00e4ndern oder aktualisieren. <strong>PIERO JARDINERO<\/strong> r\u00e4t dem Nutzer, die Informationen aktuell zu halten, um den Nutzen aus dem Portal zu optimieren. <\/p><p>Die vom Nutzer bereitgestellten pers\u00f6nlichen Informationen sind durch ein Zugangspasswort gesch\u00fctzt, auf das nur der Nutzer zugreifen kann und das nur der Nutzer kennt.<\/p><p>Der Nutzer ist allein daf\u00fcr verantwortlich, dieses Passwort und die enthaltenen Informationen geheim zu halten. <strong>PIERO JARDINERO<\/strong> verpflichtet sich, nicht zu versuchen, auf dieses Passwort zuzugreifen oder vorzugeben, es zu kennen, da keine \u00dcbertragung \u00fcber das Internet absolut sicher ist und dieses Ende nicht garantiert werden kann; der Nutzer nimmt das hypothetische Risiko ein, das dies impliziert, was er akzeptiert und wei\u00df.<\/p><p>Der Nutzer kann beantragen, dass PIERO JARDINERO seine pers\u00f6nlichen Daten nicht ver\u00f6ffentlicht oder von <strong>PIERO JARDINERO<\/strong> an seine verbundenen und\/oder Tochtergesellschaften und\/oder an Dritte sendet, indem er eine E-Mail an die <a href=\"mailto:pierojardinero@gmail.com\">Adresse pierojardinero@gmail.com<\/a> sendet; in diesem Fall wird <strong>PIERO JARDINERO<\/strong> solche Informationen nicht ver\u00f6ffentlichen oder weitergeben, es sei denn, dies ist durch Gerichtsbeschluss erforderlich oder zum Schutz der Eigentumsrechte oder eines anderen Rechts oder einer Garantie von <strong>PIERO JARDINERO erforderlich.<\/strong><\/p><p><strong>PIERO JARDINERO<\/strong> ist nicht verantwortlich f\u00fcr jegliche Konsequenzen, die sich aus der unsachgem\u00e4\u00dfen Eingabe von Drittanbietern in die Datenbank ergeben und\/oder f\u00fcr technische Fehler im Betrieb und\/oder die Erhaltung der Daten im System in einem der Kapitel des Portals.<\/p><p><strong>PIERO JARDINERO<\/strong> garantiert nicht, dass unbefugte Dritte m\u00f6glicherweise nicht \u00fcber die Art, Bedingungen, Eigenschaften und Umst\u00e4nde der Nutzung des Portals informiert sind.<\/p><h4>1.3. Datenbanken und Informationen<\/h4><p>Wer das Registrierungsformular ausf\u00fcllt, akzeptiert, dass seine Daten in die Datenbanken von <strong>PIERO JARDINERO,<\/strong> seinen verbundenen Unternehmen oder Tochtergesellschaften zu kommerziellen und\/oder Marketingzwecken und\/oder zum Versand von Postsendungen aufgenommen werden.<\/p><p>In jedem Fall kann der Nutzer jederzeit die Entfernung seiner\/ihrer pers\u00f6nlichen Daten aus den Datenbanken von <strong>PIERO JARDINERO,<\/strong> dessen verbundenen Unternehmen, Tochtergesellschaften usw. beantragen, wof\u00fcr er eine <a href=\"mailto:pierojardinero@gmail.com\">E-Mail an pierojardinero@gmail.com<\/a> senden muss, wodurch er die durch die Registrierung ergebenen Rechte verliert. Ebenso kann der Nutzer die bereitgestellten Informationen jederzeit \u00e4ndern oder aktualisieren, indem er den Kontaktbereich im Portal eingibt. <\/p><h4><strong>2. Nutzungs- und Teilnahmebedingungen im Portal<\/strong><\/h4><h4>2.1 Nutzungsbedingungen:<\/h4><p>2.1.1. Beim Betreten des Portals und zur Gew\u00e4hrleistung der guten und angemessenen Nutzung best\u00e4tigt der Nutzer im Kopf von <strong>PIERO JARDINERO:<\/strong><\/p><ul><li>An. Das Recht, jederzeit und aus jedem Grund ohne vorherige Vorank\u00fcndigung die Gesch\u00e4ftsbedingungen des Portals zu \u00e4ndern.<\/li><li>B. Das Recht, jedem, jederzeit, aus jedem Grund die Registrierung zu verweigern.<\/li><\/ul><p>2.1.2. Das Portal enth\u00e4lt Links, die auf andere Internetseiten und\/oder Zahlungsplattformen verweisen. Da <strong>PIERO JARDINERO<\/strong> nicht f\u00fcr die Verf\u00fcgbarkeit solcher Seiten verantwortlich ist, muss der Nutzer den Administrator der jeweiligen Seite direkt kontaktieren und diese gem\u00e4\u00df den jeweiligen Nutzungsbedingungen nutzen. <\/p><p>2.1.3. Die Registrierung im Portal kann vom Nutzer jederzeit durch das Senden einer E-Mail an <a href=\"mailto:pierojardinero@gmail.com\">pierojardinero@gmail.com<\/a> beendet werden.<\/p><p>2.1.4. Der Nutzer muss die Nutzungsbedingungen des Portals sowie alle weiteren im Portal festgelegten Bedingungen einhalten.<\/p><p>2.1.5. <strong>PIERO JARDINERO<\/strong> garantiert nicht die Verf\u00fcgbarkeit und Kontinuit\u00e4t des Betriebs des Portals. Wenn es vern\u00fcnftigerweise m\u00f6glich ist, wird <strong>PIERO JARDINERO<\/strong> vorab Unterbrechungen im Betrieb des Portals informieren. <strong>PIERO JARDINERO<\/strong> garantiert weder die N\u00fctzlichkeit des Portals f\u00fcr die Durchf\u00fchrung einer bestimmten Aktivit\u00e4t noch dessen Unfehlbarkeit und insbesondere, wenn auch nicht ausschlie\u00dflich, dass Nutzer das Portal effektiv nutzen oder auf die verschiedenen Webseiten oder Bereiche zugreifen k\u00f6nnen, die das Portal ausmachen. <\/p><p>2.1.6. Es liegt im Interesse <strong>von PIERO GARDENER<\/strong> , ein Leitfaden in diesem Bereich und aktuellen Inhalten zu sein und f\u00fcr Nutzer von Interesse zu sein. <strong>PIERO JARDINERO<\/strong> kann jedoch nicht garantieren, dass der betreffende Inhalt frei von Fehlern oder Ungenauigkeiten ist, in diesem Fall k\u00f6nnen Klarstellungen oder Korrekturen angefordert werden. <strong>PIERO JARDINERO<\/strong> kann auch nicht garantieren, dass der Inhalt des Portals f\u00fcr den Nutzer ausreichend und\/oder n\u00fctzlich ist. <\/p><p>2.1.7. <strong>PIERO JARDINERO<\/strong> \u00fcbernimmt keine Garantie und ist daher nicht verantwortlich f\u00fcr die Rechtm\u00e4\u00dfigkeit, Zuverl\u00e4ssigkeit, Genauigkeit, Aktualit\u00e4t und N\u00fctzlichkeit der Meinungsspalten und\/oder der von den Nutzern im Blog-Bereich des Portals registrierten Meinungen und Informationen.<\/p><p><strong>2.2 Nutzerregistrierung und Teilnahme<\/strong>: Beim Betreten des Portals und zur Gew\u00e4hrleistung der guten und angemessenen Nutzung muss der Nutzer Folgendes einhalten:<\/p><ul><li>A. Beachten Sie den Ethikkodex, die Gesch\u00e4ftsbedingungen und alle weiteren in diesem Portal festgelegten Bedingungen.<\/li><li>B. \u00dcbernehmen Sie Verantwortung f\u00fcr die Sicherheit Ihres Passworts.<\/li><li>C. Keine anderen Nutzer des Portals zu missbrauchen, zu bel\u00e4stigen, zu bedrohen oder einzusch\u00fcchtern, weder durch Blogs noch durch andere aktive oder zuk\u00fcnftige Aktivierungen.<\/li><li>D. Dieses Portal nicht als Mittel zur Durchf\u00fchrung illegaler oder unbefugter Aktivit\u00e4ten in Kolumbien oder einem anderen Land zu nutzen.<\/li><li>E. Verzichten Sie darauf, unerw\u00fcnschte E-Mails (SPAM) an andere Nutzer dieses Portals zu senden, und es ist au\u00dferdem verboten, Viren oder zerst\u00f6rerischen Code zu \u00fcbertragen.<\/li><li>F. Leiten Sie Ihre Beschwerden, Anspr\u00fcche und Meldungen \u00fcber den Kontaktbereich des Portals weiter.<\/li><\/ul><p>Solange diese Handlungen auf dem Portal verboten sind, \u00fcbernimmt <strong>PIERO JARDINERO<\/strong> keine Verantwortung f\u00fcr deren Einhaltung und der Nutzer h\u00e4lt sie aus allen Gr\u00fcnden f\u00fcr harmlos.<\/p><p><strong>2.3. Verwendung von Cookies<\/strong>: Diese Seite kann Cookies verwenden, daher impliziert das Eintreten und Durchsuchen des Portals die Zustimmung des Nutzers zu ihrer Nutzung. Die Akzeptanz von Cookies ist keine Voraussetzung f\u00fcr den Besuch der Seite. Cookies sind kleine Textdateien, die Ihren Computer auf unserem Server als einzigartigen Nutzer identifizieren. Cookies k\u00f6nnen verwendet werden, um Ihre Internetprotokolladresse zu erkennen, was Ihnen Zeit spart, w\u00e4hrend Sie sich auf der Seite befinden oder wenn Sie in Zukunft darauf zugreifen m\u00f6chten. Wir verwenden Cookies nur zu Ihrer Bequemlichkeit bei der Nutzung der Seite (zum Beispiel, um gezielte Werbung zu erhalten, die f\u00fcr Sie gem\u00e4\u00df den normalerweise genutzten Bereichen von Interesse ist). Sie k\u00f6nnen Ihren Browser so einstellen, dass er keine Cookies mehr akzeptiert, jedoch k\u00f6nnte diese Behinderung die Nutzung von Portalen, die diesen Mechanismus nutzen, einschr\u00e4nken. Die Verwendung von Cookies enth\u00e4lt keine pers\u00f6nlichen oder privaten Daten und stellt kein Risiko von Viren dar. In jedem Fall k\u00f6nnen Sie auf die Nutzung von Cookies verzichten und die Seite verlassen.<\/p><p><strong>2.4. Promotions und Events<\/strong>: Die auf dem Portal durchgef\u00fchrten Promotions und Events unterliegen den Regeln und Bedingungen, die jemals von <strong>PIERO JARDINERO festgelegt werden, da<\/strong> dies als Mindestvoraussetzung notwendig ist, um solche M\u00f6glichkeiten oder kommerziellen Vorteile zu nutzen, sodass der Nutzer ordnungsgem\u00e4\u00df als Nutzer des Portals registriert ist. <strong>PIERO JARDINERO<\/strong> haftet nicht f\u00fcr jegliche Art von Schaden \u2013 einschlie\u00dflich moralischer, k\u00f6rperlicher, materieller oder anderer Art \u2013, der im Zusammenhang mit dem Empfang jeglicher Geschenke und\/oder von <strong>PIERO JARDINERO<\/strong> gesendeten Geschenke durch den registrierten Nutzer geltend gemacht werden kann. Der Nutzer erkennt an, dass <strong>PIERO JARDINERO<\/strong> keine Verantwortung \u00fcbernimmt, die einem Werbetreibenden au\u00dferhalb des Portals zusteht, wobei verstanden wird, dass <strong>PIERO JARDINERO<\/strong> nicht f\u00fcr die Qualit\u00e4t oder Lieferung der Produkte oder Dienstleistungen verantwortlich ist, die auf den Seiten des Werbetreibenden ver\u00f6ffentlicht werden. Aus diesem Grund \u00fcbernimmt sie keine Verantwortung f\u00fcr Probleme, Beschwerden oder Anspr\u00fcche von Nutzern zu Problemen im Zusammenhang mit den genannten Produkten und\/oder Dienstleistungen Dritter.<\/p><p>Jede Promotion oder Veranstaltung, die \u00fcber das Portal beworben oder durchgef\u00fchrt wird, unterliegt den daf\u00fcr angegebenen Datenschutzregeln, daher muss die Teilnahme an ihnen den jeweiligen Angaben entsprechen, was die oben genannten Datenschutzrichtlinien erg\u00e4nzt, solange sie nicht exklusiv ist.<\/p><p><strong>2.5. Verzeichnis, Blogs, Kommentare und andere Teilnahmebereiche<\/strong>: Der Nutzer erkennt an, dass seine Teilnahme an jedem Verzeichnis, Kommentar, Blog und\/oder einem anderen Teilnahmebereich des Portals (im Folgenden die &#8222;Spaces&#8220;) alleinig in seiner Verantwortung liegt, f\u00fcr die er\/sie vollj\u00e4hrig sein muss, und dass ebenso die Informationen, Meinungen und\/oder Handlungen und\/oder Verhalten anderer Nutzer in solchen R\u00e4umen ausschlie\u00dflich in der Verantwortung derjenigen liegen, die sie ver\u00f6ffentlichen oder <strong>PIERO JARDINERO<\/strong> ist nicht verantwortlich f\u00fcr und garantiert auch nicht die Qualit\u00e4t oder Eignung solcher Informationen, Verhaltensweisen oder Meinungen, noch f\u00fcr die Konsequenzen, die sie zugunsten und\/oder gegen andere Nutzer oder Dritte haben k\u00f6nnen.<\/p><p>Falls der Nutzer minderj\u00e4hrig ist, geht <strong>PIERO JARDINERO<\/strong> davon aus, dass er\/sie vor der Registrierung oder Nutzung des Portals die ausdr\u00fcckliche Genehmigung des elterlichen Autorit\u00e4tsinhabers und\/oder eines seiner Elternteile zu diesem Zweck erhalten hat. Insbesondere sollten Nutzer die im Portal enthaltenen Empfehlungen ber\u00fccksichtigen, die darauf abzielen, ein angemessenes Zusammenleben und die Teilnahme in solchen Teilnahmer\u00e4umen zu f\u00f6rdern. Der Nutzer erkennt an und akzeptiert, dass <strong>PIERO JARDINERO<\/strong> die in den &#8222;Spaces&#8220; hochgeladenen Inhalte auf anderen ihm geh\u00f6renden Portalen verwenden darf, wobei er stets die Quelle des Inhalts anerkennt.<\/p><p>Das Design, Management, der Zweck und die Eigenschaften der verschiedenen Teilnahmebereiche des Portals liegen im Ermessen von PIERO JARDINERO, der sie jederzeit \u00e4ndern und\/oder streichen kann und\/oder die Anzahl der aufgenommenen Teilnehmer festlegen kann.<\/p><p><strong>2.6. Leitfaden mit Prinzipien und Empfehlungen f\u00fcr eine gesunde Teilnahme an den Aktivit\u00e4ten und Dienstleistungen des Portals<\/strong>: Dieser Leitfaden muss von Nutzern, die an den Aktivit\u00e4ten und Dienstleistungen des Portals interessiert sind, sorgf\u00e4ltig und regelm\u00e4\u00dfig gelesen werden.<\/p><p>Die Teilnahme an den Verzeichnissen, Blogs, Kommentaren und anderen \u00e4hnlichen Teilnahmebereichen innerhalb des Portals impliziert die Annahme und Kenntnis der Nutzungsbedingungen des Portals sowie die unwiderrufliche Verpflichtung jedes Nutzers, die genannten Bedingungen des Portals zu respektieren, wobei verstanden und akzeptiert wird, dass sie <strong>PIERO JARDINERO<\/strong> befreien und <strong>PIERO JARDINERO<\/strong> unsch\u00e4dlich halten jeglicher Haftung, die sich aus der Verletzung dieser Verpflichtung ergibt, einschlie\u00dflich Sch\u00e4den an anderen Nutzern und\/oder betroffenen Dritten. Wenn ein Nutzer diesen Nutzungsbedingungen des Portals nicht zustimmt, empfiehlt <strong>PIERO JARDINERO<\/strong> , nicht daran teilzunehmen und\/oder an den Spaces.<\/p><p>Der Nutzer versteht, dass \u00fcber das Portal eine aktive und freie Teilnahme, Kommunikation und Meinungs\u00e4u\u00dferung von den Nutzern eingeladen und gef\u00f6rdert werden, soweit es Verfassung und Gesetz erlauben. Ebenso versteht und akzeptiert der Nutzer, dass es im Interesse von <strong>PIERO JARDINERO<\/strong> und der Gemeinschaft im Allgemeinen liegt, dass das Portal ein freundliches, friedliches und gesundes Mittel des Zusammenlebens und der Teilhabe ist, sodass sowohl <strong>PIERO JARDINERO<\/strong> als auch die Nutzergemeinschaft von jedem Nutzer das Verhalten und Verhalten erwarten, das ihm erm\u00f6glicht, dieses Ziel zu erreichen.  zu dem sich jeder Nutzer verpflichtet, nur Zugriff auf das Portal zu erhalten. Jeder Nutzer akzeptiert ausdr\u00fccklich und unwiderruflich und erm\u00e4chtigt<strong> PIERO JARDINERO<\/strong> , die in den Spaces ge\u00e4u\u00dferten Informationen, Kommentare oder Meinungen zu \u00fcberpr\u00fcfen und\/oder jene zu l\u00f6schen, die nicht den in den Nutzungsbedingungen des Portals festgelegten Zusammenlebensregeln entsprechen, sowie die Kommunikation zu unterbrechen, wenn er dies aus solchen Gr\u00fcnden f\u00fcr angemessen h\u00e4lt. Ebenso beh\u00e4lt <strong>sich PIERO JARDINERO<\/strong> das Recht vor, diese Befugnis nach eigenem Ermessen auszu\u00fcben, wenn es es f\u00fcr angemessen h\u00e4lt, ohne dass <strong>PIERO JARDINERO<\/strong> eine Verantwortung f\u00fcr die Nichtaus\u00fcbung der Fakult\u00e4t und\/oder f\u00fcr das Vorhandensein, den Zugang, die Teilnahme unerw\u00fcnschter Nutzer und\/oder Informationen \u00fcbertragen kann.  Kommentare oder Meinungen, die diese Empfehlungen nicht adressieren.<\/p><p>Unter Ber\u00fccksichtigung der Tatsache, dass die in den Verzeichnissen, Kommentaren und Blogs ge\u00e4u\u00dferten Informationen, Kommentare und Blogs nicht von <strong>PIERO JARDINERO<\/strong> , sondern von absolut unabh\u00e4ngigen Dritten stammen, ist <strong>PIERO JARDINERO<\/strong> nicht f\u00fcr den Inhalt desselben verantwortlich, noch stimmt er ihnen zu oder widerspricht, da verstanden wird, dass sie ausschlie\u00dflich vom Autor ausgehen und unter seiner vollen Verantwortung stehen.<br><strong>PIERO JARDINERO<\/strong> versteht, dass jeder der Kommentare, Nachrichten, Meinungen, Informationen oder \u00c4hnliches, die in den Spaces gepostet werden, ausschlie\u00dflich den Autoren derjenigen sind, die sie eingeben.<\/p><p>Ebenso ist es absolut verboten, Kommentare, Nachrichten, Meinungen, Informationen oder \u00c4hnliches mit verleumderischem, missbr\u00e4uchlichem Inhalt zu ver\u00f6ffentlichen, der der Moral und guten Br\u00e4uchen widerspricht, diskriminierend, beleidigend, obsz\u00f6n, einsch\u00fcchternd, verleumderisch, unangemessen, illegal, die Rechte von Dritten jeglicher Art, einschlie\u00dflich der Rechte von Minderj\u00e4hrigen, verletzt, was Schaden und\/oder Schaden verursacht oder das eigene oder das Recht anderer einschr\u00e4nkt, die Spaces und andere Kapitel der Ort stellt eine Straftat oder Entschuldigung f\u00fcr ein Verbrechen dar und\/oder ruft zu Gewalt und\/oder zur Begehung von Straftaten an. Falls diese Art von Kommentaren, Nachrichten, Meinungen, Informationen oder \u00c4hnlichem nun in &#8222;die R\u00e4ume&#8220; gelangt, akzeptieren die Nutzer ausdr\u00fccklich und bedingungslos, dass <strong>PIERO JARDINERO,<\/strong> seine Mitarbeiter, Lieferanten oder Werbetreibenden in keiner Weise f\u00fcr die Folgen jeglicher Art und des Umfangs, die sie gegen Dritte erzeugen k\u00f6nnten, verantwortlich sind.  entweder aufgrund ihrer Aufnahme in &#8222;die R\u00e4ume&#8220; oder aus irgendeinem Grund, der direkt oder indirekt mit deren Verwendung zusammenh\u00e4ngt.<\/p><p>Ebenso \u00fcbernehmen <strong>PIERO JARDINERO,<\/strong> seine Mitarbeiter, Lieferanten oder Werbetreibende KEINE Haftung, falls Kommentare, Informationen, Nachrichten, Meinungen oder \u00c4hnliches in irgendeiner Weise beeinflusst, gel\u00f6scht, ver\u00e4ndert oder ver\u00e4ndert werden.<\/p><p>Nutzer sollen davon absehen, jegliche Klage oder Anspr\u00fcche gegen <strong>PIERO JARDINERO<\/strong> einzuleiten, die sich auf Informationen, Inhalte, Meinungen oder Kommentare beziehen, die von einem anderen Nutzer und\/oder von einer Dritten stammen, die nicht mit <strong>PIERO JARDINERO<\/strong> in Verbindung stehen, abgeleitet sind, und es wird von den Nutzern akzeptiert, dass solche Aktionen oder Anspr\u00fcche nur gegen ihre direkte Verantwortung erhoben werden d\u00fcrfen, wof\u00fcr sie die entsprechenden rechtlichen Schritte ergreifen m\u00fcssen.  nach den zu diesem Zweck gesetzlich festgelegten Verfahren. <strong>PIERO JARDINERO<\/strong> kann darauf verzichten, die verf\u00fcgbaren Informationen \u00fcber den mutma\u00dflichen Verletzer bereitzustellen, wenn diese Informationen seiner Meinung nach durch die den Nutzern gew\u00e4hrte Vertraulichkeit gesch\u00fctzt sind, in welchem Fall die Bestimmung an den Antrag der zust\u00e4ndigen Beh\u00f6rde gebunden ist.<\/p><p><strong>PIERO JARDINERO<\/strong> beh\u00e4lt sich nach eigenem Ermessen das Recht vor, jene Nutzer aus den Spaces auszuschlie\u00dfen, die diese Regeln nicht einhalten oder die Grundprinzipien eines gesunden Zusammenlebens nicht respektieren. Ebenso wird jede Botschaft, Meinung, Information oder \u00c4hnliches unterbrochen und\/oder vollst\u00e4ndig oder teilweise ausgeschlossen, die sich nicht anpassen oder gegen die oben genannten Regeln und\/oder Grunds\u00e4tze versto\u00dfen.<\/p><p><strong>PIERO JARDINERO<\/strong> geht davon aus, dass jeder Nutzer verpflichtet ist, diese Regeln einzuhalten und zu respektieren, und dass er alle m\u00f6glichen Konsequenzen tr\u00e4gt, die deren unsachgem\u00e4\u00dfer Gebrauch nach sich ziehen kann. Das gilt sowohl gegen <strong>PIERO JARDINERO<\/strong> als auch gegen jede dritte Partei.<\/p><\/div><\/div>\t\t\t\t\t\t\t\t<\/div>\n\t\t\t\t<\/div>\n\t\t\t\t\t<\/div>\n\t\t\t\t<\/div>\n\t\t\t\t<\/div>\n\t\t\t\t<\/div>\n\t\t","protected":false},"excerpt":{"rendered":"<p>Nutzungsbedingungen des www.pierojardinero.com Portals Das www.pierojardinero.com Portal (im Folgenden Portal genannt) geh\u00f6rt PIERO EUGSTER (im Folgenden PIERO GARDENER). Der Zugang, die Teilnahme und Nutzung des Portals sind kostenlos und unterliegen den folgenden Bedingungen, die von den Nutzern des Portals (im Folgenden der Nutzer) f\u00fcr die Nutzung und Konsultation des Portals bekannt und akzeptiert werden. 1. [&hellip;]<\/p>\n","protected":false},"author":1,"featured_media":0,"parent":1128,"menu_order":0,"comment_status":"closed","ping_status":"closed","template":"","meta":{"footnotes":""},"class_list":["post-1173","page","type-page","status-publish","hentry"],"_links":{"self":[{"href":"https:\/\/pierojardinero.com\/de\/wp-json\/wp\/v2\/pages\/1173","targetHints":{"allow":["GET"]}}],"collection":[{"href":"https:\/\/pierojardinero.com\/de\/wp-json\/wp\/v2\/pages"}],"about":[{"href":"https:\/\/pierojardinero.com\/de\/wp-json\/wp\/v2\/types\/page"}],"author":[{"embeddable":true,"href":"https:\/\/pierojardinero.com\/de\/wp-json\/wp\/v2\/users\/1"}],"replies":[{"embeddable":true,"href":"https:\/\/pierojardinero.com\/de\/wp-json\/wp\/v2\/comments?post=1173"}],"version-history":[{"count":3,"href":"https:\/\/pierojardinero.com\/de\/wp-json\/wp\/v2\/pages\/1173\/revisions"}],"predecessor-version":[{"id":1184,"href":"https:\/\/pierojardinero.com\/de\/wp-json\/wp\/v2\/pages\/1173\/revisions\/1184"}],"up":[{"embeddable":true,"href":"https:\/\/pierojardinero.com\/de\/wp-json\/wp\/v2\/pages\/1128"}],"wp:attachment":[{"href":"https:\/\/pierojardinero.com\/de\/wp-json\/wp\/v2\/media?parent=1173"}],"curies":[{"name":"wp","href":"https:\/\/api.w.org\/{rel}","templated":true}]}}