{"id":1189,"date":"2025-07-16T01:09:03","date_gmt":"2025-07-15T23:09:03","guid":{"rendered":"https:\/\/pierojardinero.com\/rechtliches\/datenschutzrichtlinie\/"},"modified":"2025-11-25T19:01:49","modified_gmt":"2025-11-25T18:01:49","slug":"datenschutzrichtlinie","status":"publish","type":"page","link":"https:\/\/pierojardinero.com\/de\/rechtliches\/datenschutzrichtlinie\/","title":{"rendered":"Datenschutzrichtlinie"},"content":{"rendered":"\t\t<div data-elementor-type=\"wp-page\" data-elementor-id=\"1189\" class=\"elementor elementor-1189 elementor-587\" data-elementor-post-type=\"page\">\n\t\t\t\t<div class=\"elementor-element elementor-element-6e83974 e-con-full e-flex e-con e-parent\" data-id=\"6e83974\" data-element_type=\"container\">\n\t\t<div class=\"elementor-element elementor-element-199351c e-flex e-con-boxed e-con e-child\" data-id=\"199351c\" data-element_type=\"container\">\n\t\t\t\t\t<div class=\"e-con-inner\">\n\t\t\t\t<div class=\"elementor-element elementor-element-b240777 elementor-widget elementor-widget-text-editor\" data-id=\"b240777\" data-element_type=\"widget\" data-widget_type=\"text-editor.default\">\n\t\t\t\t<div class=\"elementor-widget-container\">\n\t\t\t\t\t\t\t\t\t<div class=\"wpb_text_column wpb_content_element \"><div class=\"wpb_wrapper\"><div class=\"wpb_text_column wpb_content_element \"><div class=\"wpb_wrapper\"><h2 style=\"text-align: center;\">Datenschutzrichtlinien f\u00fcr das www.pierojardinero.com-Portal<\/h2><\/div><\/div><div class=\"vc_empty_space\"> <\/div><div class=\"wpb_text_column wpb_content_element \"><div class=\"wpb_wrapper\"><p>Der Nutzer und\/oder Eigent\u00fcmer der Informationen erm\u00e4chtigt PIERO JARDINERO ausdr\u00fccklich, indem er seine pers\u00f6nlichen Daten in das <a href=\"https:\/\/www.pierojardinero.com\/\">www.pierojardinero.com<\/a> Portal (im Folgenden das Portal) eingibt, PIERO JARDINERO ausdr\u00fccklich zur Verarbeitung seiner\/ihrer personenbezogenen Daten gem\u00e4\u00df dieser Datenschutzrichtlinie und gem\u00e4\u00df den Bestimmungen des Gesetzes 1581 von 2012 und dessen Regulierungsdekret 1377 von 2013 sowie aller \u00c4nderungen und Erg\u00e4nzungen durchzuf\u00fchren.<\/p><h4>1. Definitionen<\/h4><p>F\u00fcr die Anwendung der hier enthaltenen Regeln gelten folgende Definitionen:<\/p><ul><li>a) Genehmigung: Vorherige, ausdr\u00fcckliche und informierte Zustimmung des Eigent\u00fcmers zur Durchf\u00fchrung der Verarbeitung personenbezogener Daten;<\/li><li>b) Datenschutzhinweis: Physisches, elektronisches oder ein anderes Dokument, das von der verantwortlichen Partei erstellt wird und dem Eigent\u00fcmer zur Verarbeitung seiner personenbezogenen Daten zur Verf\u00fcgung gestellt wird. Die Datenschutzerkl\u00e4rung informiert den Inhaber \u00fcber die Informationen \u00fcber die Existenz der f\u00fcr ihn geltenden Informationsverarbeitungsrichtlinien, die Zugang dazu und die Eigenschaften der Behandlung, die den personenbezogenen Daten zuf\u00fcgen sollen. <\/li><li>c) Datenbank: Organisierter Satz personenbezogener Daten, der verarbeitet wird.<\/li><li>d) Personenbezogene Daten: Alle Informationen, die mit einer oder mehreren spezifischen oder bestimmenden nat\u00fcrlichen Personen verkn\u00fcpft sind oder mit ihnen in Verbindung gebracht werden k\u00f6nnen;<\/li><li>e) Private Daten: Dies sind Daten, die aufgrund ihrer intimen oder zur\u00fcckgehaltenen Natur nur f\u00fcr den Eigent\u00fcmer relevant sind.<\/li><li>f) Datenbearbeiter: Nat\u00fcrliche oder juristische Person, \u00f6ffentlich oder privat, die allein oder in Zusammenarbeit mit anderen die Verarbeitung personenbezogener Daten im Namen des Datenverantwortlichen durchf\u00fchrt;<\/li><li>g) Datenverantwortlicher: Nat\u00fcrliche oder juristische Person, \u00f6ffentlich oder privat, die eigenst\u00e4ndig oder in Zusammenarbeit mit anderen \u00fcber die Datendatenbank und\/oder die Verarbeitung der Daten entscheidet;<\/li><li>h) Eigent\u00fcmer und\/oder Nutzer: Nat\u00fcrliche Person, deren personenbezogene Daten der Verarbeitung unterliegen;<\/li><li>i) Verarbeitung: Jede Operation oder eine Reihe von Operationen an personenbezogenen Daten, wie die Sammlung, Speicherung, Nutzung, Verbreitung oder L\u00f6schung derselben.<\/li><\/ul><h4>2. Allgemeine Grunds\u00e4tze f\u00fcr die Verarbeitung personenbezogener Daten<\/h4><p>Die folgenden Grunds\u00e4tze werden bei der Verarbeitung personenbezogener Daten eingehalten:<\/p><ul><li>a) Zweckprinzip: Die Verarbeitung personenbezogener Daten muss einem legitimen Zweck entsprechen, der dem Eigent\u00fcmer mitgeteilt wird.<\/li><li>b) Prinzip der Freiheit: Die Verarbeitung personenbezogener Daten darf nur mit vorherigen, ausdr\u00fccklicher und informierter Zustimmung des Eigent\u00fcmers erfolgen. Personenbezogene Daten d\u00fcrfen ohne vorherige Genehmigung oder ohne eine rechtliche oder gerichtliche Anordnung, die die Zustimmung des Eigent\u00fcmers aufhebt, nicht erlangt oder weitergegeben werden. <\/li><li>c) Prinzip der Wahrhaftigkeit oder Qualit\u00e4t: Die zu verarbeitenden Informationen m\u00fcssen wahrheitsgetreu, vollst\u00e4ndig, genau, aktuell, \u00fcberpr\u00fcfbar und verst\u00e4ndlich sein. Die Verarbeitung von teilweisen, unvollst\u00e4ndigen, fragmentierten oder irref\u00fchrenden Daten ist verboten. <\/li><li>d) Prinzip der Transparenz: Die Verarbeitung muss das Recht des Eigent\u00fcmers garantieren, jederzeit und ohne Einschr\u00e4nkungen von PIERO JARDINERO Informationen \u00fcber das Vorhandensein von Daten zu erhalten.<\/li><li>e) Prinzip des eingeschr\u00e4nkten Zugangs und der Verbreitung: Personenbezogene Daten d\u00fcrfen mit Ausnahme \u00f6ffentlicher Informationen nicht im Internet oder auf anderen Wegen der Verbreitung oder Massenkommunikation verf\u00fcgbar sein, es sei denn, der Zugang ist technisch kontrollierbar und beschr\u00e4nktes Wissen nur den Eigent\u00fcmern oder Dritten erlaubt.<\/li><li>f) Sicherheitsprinzip: Die zu verarbeitenden Informationen m\u00fcssen mit den technischen, menschlichen und administrativen Ma\u00dfnahmen behandelt werden, die notwendig sind, um die Unterlagen zu sch\u00fctzen und deren Verf\u00e4lschung, Verlust, Konsultation, Nutzung oder unbefugten oder betr\u00fcgerischen Zugriff zu verhindern.<\/li><li>g) Vertraulichkeitsprinzip: Alle an der Verarbeitung personenbezogenen Daten beteiligten Personen sind verpflichtet, die Vertraulichkeit der Informationen auch nach Beendigung ihrer Beziehung zu den in der Verarbeitung eingeschlossenen Aufgaben zu garantieren.<\/li><\/ul><h4>3. Die Verarbeitung, der die Daten unterzogen werden, sowie deren Zweck, Dritte und Links<\/h4><p><strong>PIERO JARDINERO<\/strong> kann personenbezogene Daten, die verarbeitet werden, an Unternehmen \u00fcbertragen und\/oder \u00fcbertragen, die Teil seiner Gesch\u00e4ftsgruppe sind, also an Muttergesellschaften, Tochtergesellschaften oder Tochtergesellschaften. Wir k\u00f6nnen Ihre Daten auch unseren Vertretern und Subunternehmern zur Verf\u00fcgung stellen, um uns bei den in unserer Datenschutzrichtlinie genannten Funktionen zu unterst\u00fctzen. Zum Beispiel k\u00f6nnen wir Dritte einsetzen, die uns bei der Lieferung von Produktaktionen, dem Einzug Ihrer Zahlungen, dem Versand von Produkten oder der Auslagerung unserer Kundenservice-Systeme unterst\u00fctzen. Wir k\u00f6nnen Informationen mit Dritten austauschen, um Betrugsschutz zu gew\u00e4hrleisten und das Kreditrisiko zu reduzieren. Wir k\u00f6nnen unsere Datenbanken mit Ihren pers\u00f6nlichen Daten \u00fcbertragen, wenn wir unser Unternehmen oder einen Teil davon verkaufen. Gleichzeitig kann es die gesammelten personenbezogenen Daten mit Dritten teilen, die die Qualit\u00e4t kommerzieller und\/oder gesch\u00e4ftlicher Verb\u00fcndeter haben, damit sie Produkte und\/oder Dienstleistungen anbieten k\u00f6nnen, die das Wertangebot f\u00fcr <strong>die Kunden von PIERO JARDINERO<\/strong> verbessern.     <\/p><p>Sofern nicht in dieser Datenschutzrichtlinie festgelegt, d\u00fcrfen wir Ihre pers\u00f6nlichen Daten nicht an Dritte weitergeben, ohne Ihre vorherige Zustimmung einzuholen, es sei denn, dies ist f\u00fcr die in dieser Datenschutzrichtlinie festgelegten Zwecke erforderlich oder wir sind gesetzlich dazu verpflichtet. Die Seite kann Werbung von Drittanbietern und Links zu anderen Seiten, Frames von anderen Seiten sowie Links zu Zahlungsplattformen enthalten. Bitte beachten Sie, dass wir nicht f\u00fcr die Datenschutzpraktiken oder Inhalte solcher Dritter oder anderer Seiten oder f\u00fcr Dritte verantwortlich sind, an die Ihre Daten gem\u00e4\u00df unserer Datenschutzrichtlinie \u00fcbertragen werden.  <\/p><p>Unter Ber\u00fccksichtigung des oben Genannten werden die personenbezogenen Daten von <strong>PIERO JARDINERO<\/strong> verwendet, um:<\/p><ul><li>a) Die Bereitstellung der erforderlichen Dienstleistungen und Produkte.<\/li><li>b) \u00dcber neue Produkte oder Dienstleistungen zu informieren, die mit denen des Portals verbunden sind.<\/li><li>c) Um den mit dem Eigent\u00fcmer vereinbarten Verpflichtungen nachzukommen.<\/li><li>d) Berichterstattung \u00fcber \u00c4nderungen von Produkten oder Dienstleistungen.<\/li><li>e) Die Qualit\u00e4t von Produkten oder Dienstleistungen zu bewerten.<\/li><li>f) Marketing- oder Werbeaktivit\u00e4ten durchzuf\u00fchren.<\/li><li>g) Kommerzielle, Werbe- oder Werbeinformationen \u00fcber Produkte und\/oder Dienstleistungen, Veranstaltungen und\/oder Promotionen kommerzieller oder nicht-kommerzieller Art per SMS (SMS und\/oder MMS) an die physische Post, E-Mail, Mobiltelefone oder mobile Ger\u00e4te \u2013 per SMS (SMS und\/oder MMS) zu senden, um Kampagnen zu f\u00f6rdern, einzuladen, zu leiten, durchzuf\u00fchren, zu informieren und allgemein durchzuf\u00fchren,  Werbeaktionen mit kommerzieller oder werbebezogener Natur.<\/li><li>h) Teilung, einschlie\u00dflich der \u00dcbertragung und \u00dcbertragung personenbezogener Daten an Dritte zu Zwecken, die mit dem Betrieb von <strong>PIERO JARDINERO zusammenh\u00e4ngen.<\/strong><\/li><li>i) Auf rechtliche Anforderungen von Verwaltungs- und Justizstellen zu reagieren.<\/li><li>j) Teilen der gesammelten personenbezogenen Daten mit Dritten, die die Qualit\u00e4t kommerzieller und\/oder gesch\u00e4ftlicher Partner haben, um Produkte und\/oder Dienstleistungen anbieten zu k\u00f6nnen, die es erm\u00f6glichen, das Wertangebot f\u00fcr <strong>die Kunden von PIERO JARDINERO<\/strong> zu verbessern, all dies gem\u00e4\u00df den Bestimmungen des Gesetzes 1581 von 2012 und des Regulierungsdekret 1377 von 2013. Die Verarbeitung meiner pers\u00f6nlichen Daten kann die Sammlung, Speicherung, Nutzung, Verbreitung, L\u00f6schung, \u00dcbertragung, \u00dcbertragung und\/oder Empfang von Daten f\u00fcr den Zweck umfassen, f\u00fcr den sie bereitgestellt wurden. <\/li><\/ul><h4>4. Genehmigungen<\/h4><p>Die Verarbeitung personenbezogener Daten durch <strong>PIERO JARDINERO<\/strong> erfordert die freie, vorherige, ausdr\u00fcckliche und informierte Zustimmung des Eigent\u00fcmers der Daten. <strong>PIERO JARDINERO<\/strong> verf\u00fcgt in seiner Funktion als Datenverantwortlicher \u00fcber die notwendigen Mechanismen, um die Autorisierung der Betroffenen zu erhalten und in allen F\u00e4llen sicherzustellen, dass die Erteilung dieser Genehmigung \u00fcberpr\u00fcft werden kann.<\/p><p>Die Genehmigung kann m\u00fcndlich und\/oder mittels eines physischen oder elektronischen Dokuments oder eines anderen Formats erfolgen, das eine anschlie\u00dfende Beratung garantiert. In jedem Fall muss die Genehmigung vom Eigent\u00fcmer erteilt werden, und es muss m\u00f6glich sein zu \u00fcberpr\u00fcfen, dass er\/sie wei\u00df und akzeptiert, dass <strong>PIERO JARDINERO<\/strong> die Informationen f\u00fcr die vor der Erteilung der Genehmigung bekannten Zwecke sammelt und verwendet.<\/p><p>Aufgrund des oben genannten muss die beantragte Genehmigung enthalten:<\/p><ul><li>a) Datenverantwortlicher und welche Daten erhoben werden;<\/li><li>b) Der Zweck der Datenverarbeitung;<\/li><li>c) Die Rechte auf Zugriff, Korrektur, Aktualisierung oder L\u00f6schung der vom Eigent\u00fcmer bereitgestellten personenbezogenen Daten und,<\/li><li>d) Zus\u00e4tzlich wird der Eigent\u00fcmer informiert (i) dass es nicht verpflichtet ist, die Bearbeitung zu genehmigen, und (ii) dass es optional ist, diese Art von Informationen bereitzustellen<\/li><\/ul><h4>5. Rechte des Betroffenen<\/h4><p>Der Inhaber kann beantragen, dass seine\/ihre pers\u00f6nlichen Daten nicht von <strong>PIERO JARDINERO<\/strong> an seine Tochtergesellschaften und\/oder Dritte ver\u00f6ffentlicht oder weitergegeben werden, indem er eine E-Mail an die <a href=\"mailto:pierojardinero@gmail.com\">Adresse pierojardinero@gmail.com<\/a> sendet; in diesem Fall wird <strong>PIERO JARDINERO<\/strong> solche Informationen nicht ver\u00f6ffentlichen oder weitergeben, es sei denn, dies ist durch Gerichtsbeschluss erforderlich oder zum Schutz der Eigentumsrechte oder eines anderen Rechts oder einer Garantie von <strong>PIERO JARDINERO erforderlich.<\/strong><\/p><p>Der Eigent\u00fcmer der personenbezogenen Daten in unseren Datenbanken hat das Recht:<\/p><ul><li>a) Ihre pers\u00f6nlichen Daten kennen, aktualisieren und korrigieren.<\/li><li>b) Einen Antrag auf Genehmigung f\u00fcr die Verarbeitung ihrer Daten zu erhalten.<\/li><li>c) Stellen Sie Anfragen, Beschwerden und\/oder Anspr\u00fcche im Zusammenhang mit der Verarbeitung Ihrer Daten ein.<\/li><li>d) Beantrage den Nachweis der <strong>PIERO JARDINERO<\/strong> erteilten Genehmigung f\u00fcr die Verarbeitung Ihrer personenbezogenen Daten.<\/li><li>e) Beantrage die Auslassung Ihrer pers\u00f6nlichen Daten aus der Datenbank.<\/li><li>f) Widerrufen Sie jederzeit die an <strong>PIERO JARDINERO<\/strong> erteilte Genehmigung zur Verarbeitung Ihrer Daten.<\/li><\/ul><h4>6. Sicherheit<\/h4><p>Der Portalinhaber hat die gesetzlich vorgeschriebenen Sicherheitsstufen zum Schutz personenbezogener Daten \u00fcbernommen und alle ihm zur Verf\u00fcgung stehenden technischen Mittel und Ma\u00dfnahmen installiert, um den Verlust, den Missbrauch, die Ver\u00e4nderung, den unbefugten Zugriff und den Diebstahl der dem Portalbesitzer bereitgestellten personenbezogenen Daten zu verhindern. Der Nutzer muss jedoch wissen, dass Sicherheitsma\u00dfnahmen im Internet nicht unzerbrechlich sind. Au\u00dfer in den Feldern, in denen anders angegeben, sind die Antworten auf die Fragen zu personenbezogenen Daten freiwillig, und das Vers\u00e4umnis, diese Fragen zu beantworten, bedeutet keine Abnahme der Qualit\u00e4t oder Quantit\u00e4t der entsprechenden Dienstleistungen, sofern nicht anders angegeben.<\/p><h4>7. Pers\u00f6nliche Daten von Minderj\u00e4hrigen<\/h4><p>Einige der im Portal oder \u00fcber das Portal angebotenen Dienstleistungen richten sich m\u00f6glicherweise an Minderj\u00e4hrige. Bei Dienstleistungen dieser Art, bei denen personenbezogene Daten erhoben werden, wird der Portalinhaber stets die Zustimmung der Inhaber seiner elterlichen Autorit\u00e4t einholen, damit Minderj\u00e4hrige darauf zugreifen k\u00f6nnen und ihre personenbezogenen Daten gem\u00e4\u00df dieser Mitteilung zur Datenschutzrichtlinie automatisiert verarbeitet werden k\u00f6nnen.<\/p><p>Nutzer haben ihre personenbezogenen Daten oder ihr Abonnement anerkannt und k\u00f6nnen die Rechte auf Zugriff, Stornierung, Korrektur und Ablehnung ihrer Daten aus\u00fcben, indem sie den Betreiber des Portals oder den f\u00fcr die Verarbeitung der Informationen bestimmten Personen per E-Mail kontaktieren pierojardinero@gmail.com<\/p><h4>8. Konsultations-, Behebungs- und Aktualisierungsverfahren.<\/h4><p>Die betroffenen Personen haben das Recht, auf ihre pers\u00f6nlichen Daten zuzugreifen und zu wissen, welche Art von Daten wir speichern, die ihr Eigentum sind, wof\u00fcr sie die folgenden Kommunikationskan\u00e4le zur Verf\u00fcgung stellen, damit sie ihre Rechte als Datenpersonen aus\u00fcben k\u00f6nnen:<\/p><p> <\/p><p>E-Mail: <a href=\"mailto:pierojardinero@gmail.com\">pierojardinero@gmail.com<\/a><br>Telefone: (<a href=\"tel:+573134500985\">+57 313 450 0985<\/a>)<br>Adresse: Diagonal 127 B Nr. 72 Bogot\u00e1<\/p><\/div><\/div><div class=\"vc_empty_space\"> <\/div><\/div><\/div>\t\t\t\t\t\t\t\t<\/div>\n\t\t\t\t<\/div>\n\t\t\t\t\t<\/div>\n\t\t\t\t<\/div>\n\t\t\t\t<\/div>\n\t\t\t\t<\/div>\n\t\t","protected":false},"excerpt":{"rendered":"<p>Datenschutzrichtlinien f\u00fcr das www.pierojardinero.com-Portal Der Nutzer und\/oder Eigent\u00fcmer der Informationen erm\u00e4chtigt PIERO JARDINERO ausdr\u00fccklich, indem er seine pers\u00f6nlichen Daten in das www.pierojardinero.com Portal (im Folgenden das Portal) eingibt, PIERO JARDINERO ausdr\u00fccklich zur Verarbeitung seiner\/ihrer personenbezogenen Daten gem\u00e4\u00df dieser Datenschutzrichtlinie und gem\u00e4\u00df den Bestimmungen des Gesetzes 1581 von 2012 und dessen Regulierungsdekret 1377 von 2013 sowie [&hellip;]<\/p>\n","protected":false},"author":1,"featured_media":0,"parent":1128,"menu_order":0,"comment_status":"closed","ping_status":"closed","template":"","meta":{"footnotes":""},"class_list":["post-1189","page","type-page","status-publish","hentry"],"_links":{"self":[{"href":"https:\/\/pierojardinero.com\/de\/wp-json\/wp\/v2\/pages\/1189","targetHints":{"allow":["GET"]}}],"collection":[{"href":"https:\/\/pierojardinero.com\/de\/wp-json\/wp\/v2\/pages"}],"about":[{"href":"https:\/\/pierojardinero.com\/de\/wp-json\/wp\/v2\/types\/page"}],"author":[{"embeddable":true,"href":"https:\/\/pierojardinero.com\/de\/wp-json\/wp\/v2\/users\/1"}],"replies":[{"embeddable":true,"href":"https:\/\/pierojardinero.com\/de\/wp-json\/wp\/v2\/comments?post=1189"}],"version-history":[{"count":1,"href":"https:\/\/pierojardinero.com\/de\/wp-json\/wp\/v2\/pages\/1189\/revisions"}],"predecessor-version":[{"id":1190,"href":"https:\/\/pierojardinero.com\/de\/wp-json\/wp\/v2\/pages\/1189\/revisions\/1190"}],"up":[{"embeddable":true,"href":"https:\/\/pierojardinero.com\/de\/wp-json\/wp\/v2\/pages\/1128"}],"wp:attachment":[{"href":"https:\/\/pierojardinero.com\/de\/wp-json\/wp\/v2\/media?parent=1189"}],"curies":[{"name":"wp","href":"https:\/\/api.w.org\/{rel}","templated":true}]}}