{"id":1203,"date":"2025-05-08T19:53:09","date_gmt":"2025-05-08T17:53:09","guid":{"rendered":"https:\/\/pierojardinero.com\/producto\/die-zweite-chance\/"},"modified":"2025-05-08T19:53:09","modified_gmt":"2025-05-08T17:53:09","slug":"die-zweite-chance","status":"publish","type":"product","link":"https:\/\/pierojardinero.com\/de\/producto\/die-zweite-chance\/","title":{"rendered":"Die zweite Chance"},"content":{"rendered":"<p>Manchmal wachsen Pflanzen aus anderen Gr\u00fcnden, die au\u00dferhalb unserer Kontrolle liegen, nicht wie sie sollten oder so, dass wir sie nicht bequemer zu Hause haben k\u00f6nnen. Zu diesem Zweck bieten wir den Pflanzenrettungsdienst an; ihnen ein neues Zuhause zu geben und eine andere Person oder Familie sich um dieses Lebewesen zu k\u00fcmmern oder ihnen die notwendige Behandlung zu geben, damit sie sich erholen k\u00f6nnen. <\/p>\n","protected":false},"excerpt":{"rendered":"<p><span data-sheets-root=\"1\">Pflanzen, die sehr gro\u00df sind oder von erheblicher emotionaler Bedeutung.<\/span> | Wenn du Fragen hast, <a href=\"https:\/\/wa.link\/0mshjv\" target=\"_blank\" rel=\"noopener\"><strong>schreib mir<\/strong><\/a><\/p>\n<p><strong>*Anfangspreis<\/strong><\/p>\n","protected":false},"featured_media":34,"comment_status":"open","ping_status":"closed","template":"","meta":[],"product_brand":[],"product_cat":[79],"product_tag":[70],"class_list":{"0":"post-1203","1":"product","2":"type-product","3":"status-publish","4":"has-post-thumbnail","6":"product_cat-beratung-und-betreuung","7":"product_tag-virtuell","9":"first","10":"instock","11":"virtual","12":"purchasable","13":"product-type-simple"},"_links":{"self":[{"href":"https:\/\/pierojardinero.com\/de\/wp-json\/wp\/v2\/product\/1203","targetHints":{"allow":["GET"]}}],"collection":[{"href":"https:\/\/pierojardinero.com\/de\/wp-json\/wp\/v2\/product"}],"about":[{"href":"https:\/\/pierojardinero.com\/de\/wp-json\/wp\/v2\/types\/product"}],"replies":[{"embeddable":true,"href":"https:\/\/pierojardinero.com\/de\/wp-json\/wp\/v2\/comments?post=1203"}],"wp:featuredmedia":[{"embeddable":true,"href":"https:\/\/pierojardinero.com\/de\/wp-json\/wp\/v2\/media\/34"}],"wp:attachment":[{"href":"https:\/\/pierojardinero.com\/de\/wp-json\/wp\/v2\/media?parent=1203"}],"wp:term":[{"taxonomy":"product_brand","embeddable":true,"href":"https:\/\/pierojardinero.com\/de\/wp-json\/wp\/v2\/product_brand?post=1203"},{"taxonomy":"product_cat","embeddable":true,"href":"https:\/\/pierojardinero.com\/de\/wp-json\/wp\/v2\/product_cat?post=1203"},{"taxonomy":"product_tag","embeddable":true,"href":"https:\/\/pierojardinero.com\/de\/wp-json\/wp\/v2\/product_tag?post=1203"}],"curies":[{"name":"wp","href":"https:\/\/api.w.org\/{rel}","templated":true}]}}